{"id":768,"date":"2017-11-13T23:43:45","date_gmt":"2017-11-13T23:43:45","guid":{"rendered":"https:\/\/mueblesaldama.es\/?page_id=768"},"modified":"2025-01-22T11:38:11","modified_gmt":"2025-01-22T11:38:11","slug":"proyecto","status":"publish","type":"page","link":"https:\/\/aldamabierzo.es\/?page_id=768","title":{"rendered":"Proyecto"},"content":{"rendered":"<p>[et_pb_section fb_built=\u00bb1&#8243; admin_label=\u00bbsection\u00bb _builder_version=\u00bb4.16&#8243; global_colors_info=\u00bb{}\u00bb][et_pb_row admin_label=\u00bbrow\u00bb _builder_version=\u00bb4.27.4&#8243; background_size=\u00bbinitial\u00bb background_position=\u00bbtop_left\u00bb background_repeat=\u00bbrepeat\u00bb global_colors_info=\u00bb{}\u00bb][et_pb_column type=\u00bb4_4&#8243; _builder_version=\u00bb4.16&#8243; custom_padding=\u00bb|||\u00bb global_colors_info=\u00bb{}\u00bb custom_padding__hover=\u00bb|||\u00bb][et_pb_text _builder_version=\u00bb4.27.4&#8243; global_colors_info=\u00bb{}\u00bb]<\/p>\n<p><strong>PROYECTO<\/strong>\u00a0 Esa \u201cIDEA\u201d que traen los clientes se plasma en un proyecto previa toma de medidas y prestando atenci\u00f3n a la necesidad o finalidad del amueblamiento.<br \/>El asesoramiento tanto de los espacios como del mobiliario toma protagonismo ante el cliente que es qui\u00e9n decidir\u00e1 finalmente su dise\u00f1o final sin olvidarnos del presupuesto inicial planeado.<\/p>\n<p>[\/et_pb_text][\/et_pb_column][\/et_pb_row][et_pb_row column_structure=\u00bb1_3,1_3,1_3&#8243; _builder_version=\u00bb4.16&#8243; background_size=\u00bbinitial\u00bb background_position=\u00bbtop_left\u00bb background_repeat=\u00bbrepeat\u00bb global_colors_info=\u00bb{}\u00bb][et_pb_column type=\u00bb1_3&#8243; _builder_version=\u00bb4.16&#8243; custom_padding=\u00bb|||\u00bb global_colors_info=\u00bb{}\u00bb custom_padding__hover=\u00bb|||\u00bb][\/et_pb_column][et_pb_column type=\u00bb1_3&#8243; _builder_version=\u00bb4.16&#8243; custom_padding=\u00bb|||\u00bb global_colors_info=\u00bb{}\u00bb custom_padding__hover=\u00bb|||\u00bb][\/et_pb_column][et_pb_column type=\u00bb1_3&#8243; _builder_version=\u00bb4.16&#8243; custom_padding=\u00bb|||\u00bb global_colors_info=\u00bb{}\u00bb custom_padding__hover=\u00bb|||\u00bb][\/et_pb_column][\/et_pb_row][et_pb_row column_structure=\u00bb1_4,1_4,1_4,1_4&#8243; _builder_version=\u00bb4.27.4&#8243; _module_preset=\u00bbdefault\u00bb global_colors_info=\u00bb{}\u00bb][et_pb_column type=\u00bb1_4&#8243; _builder_version=\u00bb4.16&#8243; _module_preset=\u00bbdefault\u00bb global_colors_info=\u00bb{}\u00bb][et_pb_toggle title=\u00bbProyectos de cocinas\u00bb _builder_version=\u00bb4.27.4&#8243; _module_preset=\u00bbdefault\u00bb global_colors_info=\u00bb{}\u00bb]<\/p>\n<p><img loading=\"lazy\" decoding=\"async\" class=\"wp-image-1706 alignnone size-medium\" src=\"https:\/\/aldamabierzo.es\/wp-content\/uploads\/2021\/03\/1.2-300x225.jpg\" alt=\"\" width=\"300\" height=\"225\" \/><img loading=\"lazy\" decoding=\"async\" class=\"wp-image-1718 alignnone size-medium\" src=\"https:\/\/aldamabierzo.es\/wp-content\/uploads\/2021\/03\/f2-300x162.jpg\" alt=\"\" width=\"300\" height=\"162\" \/><\/p>\n<p><img loading=\"lazy\" decoding=\"async\" class=\"wp-image-1736 alignnone size-medium\" src=\"https:\/\/aldamabierzo.es\/wp-content\/uploads\/2021\/03\/203-COCINA-2-MESA-A-300x225.jpg\" alt=\"\" width=\"300\" height=\"225\" \/><\/p>\n<p>&nbsp;<\/p>\n<p>[\/et_pb_toggle][\/et_pb_column][et_pb_column type=\u00bb1_4&#8243; _builder_version=\u00bb4.16&#8243; _module_preset=\u00bbdefault\u00bb global_colors_info=\u00bb{}\u00bb][et_pb_toggle title=\u00bbProyectos de sal\u00f3n\u00bb _builder_version=\u00bb4.27.4&#8243; _module_preset=\u00bbdefault\u00bb global_colors_info=\u00bb{}\u00bb admin_label=\u00bbConmutador\u00bb]<\/p>\n<p><img loading=\"lazy\" decoding=\"async\" class=\"wp-image-1707 alignnone size-medium\" src=\"https:\/\/aldamabierzo.es\/wp-content\/uploads\/2021\/03\/marien-salon_TV-300x241.jpg\" alt=\"\" width=\"300\" height=\"241\" \/><\/p>\n<p><img loading=\"lazy\" decoding=\"async\" class=\"wp-image-1727 alignnone size-medium\" src=\"https:\/\/aldamabierzo.es\/wp-content\/uploads\/2021\/03\/p-300x162.jpg\" alt=\"\" width=\"300\" height=\"162\" \/><\/p>\n<p><img loading=\"lazy\" decoding=\"async\" class=\"wp-image-1728 alignnone size-medium\" src=\"https:\/\/aldamabierzo.es\/wp-content\/uploads\/2021\/03\/P-1-300x161.jpg\" alt=\"\" width=\"300\" height=\"161\" \/><\/p>\n<p>[\/et_pb_toggle][\/et_pb_column][et_pb_column type=\u00bb1_4&#8243; _builder_version=\u00bb4.16&#8243; _module_preset=\u00bbdefault\u00bb global_colors_info=\u00bb{}\u00bb][et_pb_toggle title=\u00bbProyecto juvenil\u00bb _builder_version=\u00bb4.27.4&#8243; _module_preset=\u00bbdefault\u00bb global_colors_info=\u00bb{}\u00bb]<\/p>\n<p><img loading=\"lazy\" decoding=\"async\" class=\"wp-image-1737 alignnone size-medium\" src=\"https:\/\/aldamabierzo.es\/wp-content\/uploads\/2021\/03\/F1-2-300x162.jpg\" alt=\"\" width=\"300\" height=\"162\" \/><\/p>\n<p><img loading=\"lazy\" decoding=\"async\" class=\"wp-image-1705 alignnone size-medium\" src=\"https:\/\/aldamabierzo.es\/wp-content\/uploads\/2021\/03\/FINAL-300x162.jpg\" alt=\"\" width=\"300\" height=\"162\" \/><\/p>\n<p><img loading=\"lazy\" decoding=\"async\" class=\"wp-image-1720 alignnone size-medium\" src=\"https:\/\/aldamabierzo.es\/wp-content\/uploads\/2021\/03\/final-1-300x144.jpg\" alt=\"\" width=\"300\" height=\"144\" \/><\/p>\n<p>[\/et_pb_toggle][\/et_pb_column][et_pb_column type=\u00bb1_4&#8243; _builder_version=\u00bb4.16&#8243; _module_preset=\u00bbdefault\u00bb global_colors_info=\u00bb{}\u00bb][et_pb_toggle title=\u00bbProyecto dormitorio\u00bb _builder_version=\u00bb4.27.4&#8243; _module_preset=\u00bbdefault\u00bb hover_enabled=\u00bb0&#8243; global_colors_info=\u00bb{}\u00bb sticky_enabled=\u00bb0&#8243;]<\/p>\n<p>&nbsp;<\/p>\n<p>&nbsp;<\/p>\n<p>&nbsp;<\/p>\n<p>&nbsp;<\/p>\n<p>[\/et_pb_toggle][\/et_pb_column][\/et_pb_row][\/et_pb_section]<\/p>\n","protected":false},"excerpt":{"rendered":"<p>PROYECTO\u00a0 Esa \u201cIDEA\u201d que traen los clientes se plasma en un proyecto previa toma de medidas y prestando atenci\u00f3n a la necesidad o finalidad del amueblamiento.El asesoramiento tanto de los espacios como del mobiliario toma protagonismo ante el cliente que es qui\u00e9n decidir\u00e1 finalmente su dise\u00f1o final sin olvidarnos del presupuesto inicial planeado. &nbsp; &nbsp; [&hellip;]<\/p>\n","protected":false},"author":1,"featured_media":0,"parent":0,"menu_order":0,"comment_status":"closed","ping_status":"closed","template":"","meta":{"_et_pb_use_builder":"on","_et_pb_old_content":"","_et_gb_content_width":"","footnotes":""},"class_list":["post-768","page","type-page","status-publish","hentry"],"_links":{"self":[{"href":"https:\/\/aldamabierzo.es\/index.php?rest_route=\/wp\/v2\/pages\/768","targetHints":{"allow":["GET"]}}],"collection":[{"href":"https:\/\/aldamabierzo.es\/index.php?rest_route=\/wp\/v2\/pages"}],"about":[{"href":"https:\/\/aldamabierzo.es\/index.php?rest_route=\/wp\/v2\/types\/page"}],"author":[{"embeddable":true,"href":"https:\/\/aldamabierzo.es\/index.php?rest_route=\/wp\/v2\/users\/1"}],"replies":[{"embeddable":true,"href":"https:\/\/aldamabierzo.es\/index.php?rest_route=%2Fwp%2Fv2%2Fcomments&post=768"}],"version-history":[{"count":17,"href":"https:\/\/aldamabierzo.es\/index.php?rest_route=\/wp\/v2\/pages\/768\/revisions"}],"predecessor-version":[{"id":2759,"href":"https:\/\/aldamabierzo.es\/index.php?rest_route=\/wp\/v2\/pages\/768\/revisions\/2759"}],"wp:attachment":[{"href":"https:\/\/aldamabierzo.es\/index.php?rest_route=%2Fwp%2Fv2%2Fmedia&parent=768"}],"curies":[{"name":"wp","href":"https:\/\/api.w.org\/{rel}","templated":true}]}}